{"id":53,"date":"2025-07-08T13:42:04","date_gmt":"2025-07-08T13:42:04","guid":{"rendered":"https:\/\/www.7brand.se\/?page_id=53"},"modified":"2025-08-06T11:52:47","modified_gmt":"2025-08-06T11:52:47","slug":"tjanster","status":"publish","type":"page","link":"https:\/\/www.7brand.se\/?page_id=53","title":{"rendered":"Tj\u00e4nster"},"content":{"rendered":"\t\t<div data-elementor-type=\"wp-page\" data-elementor-id=\"53\" class=\"elementor elementor-53\" data-elementor-post-type=\"page\">\n\t\t\t\t<div class=\"elementor-element elementor-element-42db56f4 e-flex e-con-boxed e-con e-parent\" data-id=\"42db56f4\" data-element_type=\"container\" data-e-type=\"container\" data-settings=\"{&quot;background_background&quot;:&quot;classic&quot;}\">\n\t\t\t\t\t<div class=\"e-con-inner\">\n\t\t\t\t<div class=\"elementor-element elementor-element-4be3db2e elementor-widget elementor-widget-heading\" data-id=\"4be3db2e\" data-element_type=\"widget\" data-e-type=\"widget\" data-widget_type=\"heading.default\">\n\t\t\t\t\t<h1 class=\"elementor-heading-title elementor-size-default\">V\u00e5ra Tj\u00e4nster<BR>\n<\/h1>\t\t\t\t<\/div>\n\t\t\t\t<div class=\"elementor-element elementor-element-69798f39 elementor-widget elementor-widget-text-editor\" data-id=\"69798f39\" data-element_type=\"widget\" data-e-type=\"widget\" data-widget_type=\"text-editor.default\">\n\t\t\t\t\t\t\t\t\t<p>Tillsammans genomf\u00f6r vi en grundlig analys f\u00f6r att identifiera de omr\u00e5den som ger st\u00f6rst v\u00e4rde. Resultatet av v\u00e5rt gemensamma arbete \u00e4r det som verkligen r\u00e4knas.<\/p>\t\t\t\t\t\t\t\t<\/div>\n\t\t\t\t\t<\/div>\n\t\t\t\t<\/div>\n\t\t<div class=\"elementor-element elementor-element-32c2d56 e-flex e-con-boxed e-con e-parent\" data-id=\"32c2d56\" data-element_type=\"container\" data-e-type=\"container\">\n\t\t\t\t\t<div class=\"e-con-inner\">\n\t\t<div class=\"elementor-element elementor-element-a6c6a5f e-con-full e-flex e-con e-child\" data-id=\"a6c6a5f\" data-element_type=\"container\" data-e-type=\"container\">\n\t\t\t\t<div class=\"elementor-element elementor-element-3aae5a7 elementor-widget__width-inherit elementor-widget-divider--view-line elementor-widget elementor-widget-divider\" data-id=\"3aae5a7\" data-element_type=\"widget\" data-e-type=\"widget\" data-widget_type=\"divider.default\">\n\t\t\t\t\t\t\t<div class=\"elementor-divider\">\n\t\t\t<span class=\"elementor-divider-separator\">\n\t\t\t\t\t\t<\/span>\n\t\t<\/div>\n\t\t\t\t\t\t<\/div>\n\t\t\t\t<\/div>\n\t\t\t\t\t<\/div>\n\t\t\t\t<\/div>\n\t\t<div class=\"elementor-element elementor-element-139b214b e-con-full e-flex e-con e-parent\" data-id=\"139b214b\" data-element_type=\"container\" data-e-type=\"container\" data-settings=\"{&quot;background_background&quot;:&quot;classic&quot;}\">\n\t\t\t\t<div class=\"elementor-element elementor-element-62043e6 elementor-widget elementor-widget-heading\" data-id=\"62043e6\" data-element_type=\"widget\" data-e-type=\"widget\" data-widget_type=\"heading.default\">\n\t\t\t\t\t<h2 class=\"elementor-heading-title elementor-size-default\">Profilkl\u00e4der, Giveaways och Eventmaterial<\/h2>\t\t\t\t<\/div>\n\t\t\t\t<div class=\"elementor-element elementor-element-eb4f195 elementor-widget__width-inherit elementor-widget elementor-widget-text-editor\" data-id=\"eb4f195\" data-element_type=\"widget\" data-e-type=\"widget\" data-widget_type=\"text-editor.default\">\n\t\t\t\t\t\t\t\t\t<p>P\u00e5 7 Brand erbjuder vi skr\u00e4ddarsydda l\u00f6sningar inom profilkl\u00e4der, giveaways och eventmaterial som hj\u00e4lper ditt f\u00f6retag att lysa starkt och skapa varaktiga intryck. Med \u00f6ver 200 000 artiklar i v\u00e5r webbshop har vi n\u00e5got f\u00f6r alla behov och verksamheter.<\/p>\t\t\t\t\t\t\t\t<\/div>\n\t\t\t\t<div class=\"elementor-element elementor-element-b57abfd elementor-mobile-align-center elementor-align-left elementor-widget__width-auto elementor-widget elementor-widget-button\" data-id=\"b57abfd\" data-element_type=\"widget\" data-e-type=\"widget\" data-widget_type=\"button.default\">\n\t\t\t\t\t\t\t\t\t\t<a class=\"elementor-button elementor-button-link elementor-size-sm\" href=\"https:\/\/profil.noll7noll.se\">\n\t\t\t\t\t\t<span class=\"elementor-button-content-wrapper\">\n\t\t\t\t\t\t\t\t\t<span class=\"elementor-button-text\">Webbshopp<\/span>\n\t\t\t\t\t<\/span>\n\t\t\t\t\t<\/a>\n\t\t\t\t\t\t\t\t<\/div>\n\t\t\t\t<\/div>\n\t\t<div class=\"elementor-element elementor-element-6a256eb e-flex e-con-boxed e-con e-parent\" data-id=\"6a256eb\" data-element_type=\"container\" data-e-type=\"container\">\n\t\t\t\t\t<div class=\"e-con-inner\">\n\t\t<div class=\"elementor-element elementor-element-5047a33 e-con-full e-flex e-con e-child\" data-id=\"5047a33\" data-element_type=\"container\" data-e-type=\"container\">\n\t\t\t\t<div class=\"elementor-element elementor-element-aa9b28a elementor-widget__width-inherit elementor-widget-divider--view-line elementor-widget elementor-widget-divider\" data-id=\"aa9b28a\" data-element_type=\"widget\" data-e-type=\"widget\" data-widget_type=\"divider.default\">\n\t\t\t\t\t\t\t<div class=\"elementor-divider\">\n\t\t\t<span class=\"elementor-divider-separator\">\n\t\t\t\t\t\t<\/span>\n\t\t<\/div>\n\t\t\t\t\t\t<\/div>\n\t\t\t\t<\/div>\n\t\t\t\t\t<\/div>\n\t\t\t\t<\/div>\n\t\t<div class=\"elementor-element elementor-element-8be7e01 e-con-full e-flex e-con e-parent\" data-id=\"8be7e01\" data-element_type=\"container\" data-e-type=\"container\" data-settings=\"{&quot;background_background&quot;:&quot;classic&quot;}\">\n\t\t\t\t<div class=\"elementor-element elementor-element-dd65182 elementor-widget elementor-widget-heading\" data-id=\"dd65182\" data-element_type=\"widget\" data-e-type=\"widget\" data-widget_type=\"heading.default\">\n\t\t\t\t\t<h2 class=\"elementor-heading-title elementor-size-default\">Social Media Marketing<\/h2>\t\t\t\t<\/div>\n\t\t\t\t<div class=\"elementor-element elementor-element-4925c2e elementor-widget__width-inherit elementor-widget elementor-widget-text-editor\" data-id=\"4925c2e\" data-element_type=\"widget\" data-e-type=\"widget\" data-widget_type=\"text-editor.default\">\n\t\t\t\t\t\t\t\t\t<p>I dagens digitala v\u00e4rld \u00e4r sociala medier en avg\u00f6rande plattform f\u00f6r att n\u00e5 och engagera din m\u00e5lgrupp. Vi erbjuder vi en omfattande tj\u00e4nst f\u00f6r social media marketing som tar hand om hela processen, fr\u00e5n id\u00e9 och strategi till produktion och publicering p\u00e5 valda medier.<\/p>\t\t\t\t\t\t\t\t<\/div>\n\t\t\t\t<\/div>\n\t\t<div class=\"elementor-element elementor-element-2378288 e-flex e-con-boxed e-con e-parent\" data-id=\"2378288\" data-element_type=\"container\" data-e-type=\"container\">\n\t\t\t\t\t<div class=\"e-con-inner\">\n\t\t<div class=\"elementor-element elementor-element-3ae3850 e-con-full e-flex e-con e-child\" data-id=\"3ae3850\" data-element_type=\"container\" data-e-type=\"container\">\n\t\t\t\t<div class=\"elementor-element elementor-element-65003e1 elementor-widget__width-inherit elementor-widget-divider--view-line elementor-widget elementor-widget-divider\" data-id=\"65003e1\" data-element_type=\"widget\" data-e-type=\"widget\" data-widget_type=\"divider.default\">\n\t\t\t\t\t\t\t<div class=\"elementor-divider\">\n\t\t\t<span class=\"elementor-divider-separator\">\n\t\t\t\t\t\t<\/span>\n\t\t<\/div>\n\t\t\t\t\t\t<\/div>\n\t\t\t\t<\/div>\n\t\t\t\t\t<\/div>\n\t\t\t\t<\/div>\n\t\t<div class=\"elementor-element elementor-element-015110a e-con-full e-flex e-con e-parent\" data-id=\"015110a\" data-element_type=\"container\" data-e-type=\"container\" data-settings=\"{&quot;background_background&quot;:&quot;classic&quot;}\">\n\t\t\t\t<div class=\"elementor-element elementor-element-1a31dc2 elementor-widget elementor-widget-heading\" data-id=\"1a31dc2\" data-element_type=\"widget\" data-e-type=\"widget\" data-widget_type=\"heading.default\">\n\t\t\t\t\t<h2 class=\"elementor-heading-title elementor-size-default\">Konsultuppdrag<\/h2>\t\t\t\t<\/div>\n\t\t\t\t<div class=\"elementor-element elementor-element-00edc6b elementor-widget__width-inherit elementor-widget elementor-widget-text-editor\" data-id=\"00edc6b\" data-element_type=\"widget\" data-e-type=\"widget\" data-widget_type=\"text-editor.default\">\n\t\t\t\t\t\t\t\t\t<p>Vi erbjuder skr\u00e4ddarsydda konsulttj\u00e4nster som \u00e4r designade f\u00f6r att hj\u00e4lpa ditt f\u00f6retag att navigera genom den dynamiska v\u00e4rlden av marknadsf\u00f6ring och varum\u00e4rkesutveckling. Vi arbetar tillsammans med er f\u00f6r att skapa strategiska planer som st\u00e4rker din marknadsposition och driver den tillv\u00e4xt ni har som m\u00e5l.<\/p>\t\t\t\t\t\t\t\t<\/div>\n\t\t\t\t<\/div>\n\t\t<div class=\"elementor-element elementor-element-d2e19d1 e-flex e-con-boxed e-con e-parent\" data-id=\"d2e19d1\" data-element_type=\"container\" data-e-type=\"container\">\n\t\t\t\t\t<div class=\"e-con-inner\">\n\t\t<div class=\"elementor-element elementor-element-3f0898a e-con-full e-flex e-con e-child\" data-id=\"3f0898a\" data-element_type=\"container\" data-e-type=\"container\">\n\t\t\t\t<div class=\"elementor-element elementor-element-ad9b163 elementor-widget__width-inherit elementor-widget-divider--view-line elementor-widget elementor-widget-divider\" data-id=\"ad9b163\" data-element_type=\"widget\" data-e-type=\"widget\" data-widget_type=\"divider.default\">\n\t\t\t\t\t\t\t<div class=\"elementor-divider\">\n\t\t\t<span class=\"elementor-divider-separator\">\n\t\t\t\t\t\t<\/span>\n\t\t<\/div>\n\t\t\t\t\t\t<\/div>\n\t\t\t\t<\/div>\n\t\t\t\t\t<\/div>\n\t\t\t\t<\/div>\n\t\t<div class=\"elementor-element elementor-element-68f34ce e-con-full e-flex e-con e-parent\" data-id=\"68f34ce\" data-element_type=\"container\" data-e-type=\"container\" data-settings=\"{&quot;background_background&quot;:&quot;classic&quot;}\">\n\t\t\t\t<div class=\"elementor-element elementor-element-28e5517 elementor-widget elementor-widget-heading\" data-id=\"28e5517\" data-element_type=\"widget\" data-e-type=\"widget\" data-widget_type=\"heading.default\">\n\t\t\t\t\t<h2 class=\"elementor-heading-title elementor-size-default\">Hemsidor &amp; Grafisk Design<\/h2>\t\t\t\t<\/div>\n\t\t\t\t<div class=\"elementor-element elementor-element-a934ae7 elementor-widget__width-inherit elementor-widget elementor-widget-text-editor\" data-id=\"a934ae7\" data-element_type=\"widget\" data-e-type=\"widget\" data-widget_type=\"text-editor.default\">\n\t\t\t\t\t\t\t\t\t<p>Vi erbjuder skr\u00e4ddarsydda tj\u00e4nster f\u00f6r att skapa och underh\u00e5lla hemsidor samt grafiska designl\u00f6sningar som st\u00e4rker ditt varum\u00e4rke. Vi arbetar tillsammans med er f\u00f6r att utveckla anv\u00e4ndarv\u00e4nliga mallar som reflekterar er unika identitet, samtidigt som vi tillhandah\u00e5ller kontinuerligt st\u00f6d och underh\u00e5ll f\u00f6r att s\u00e4kerst\u00e4lla att hemsidans m\u00e5l \u00f6ver tid.<\/p>\t\t\t\t\t\t\t\t<\/div>\n\t\t\t\t<\/div>\n\t\t<div class=\"elementor-element elementor-element-3a15eb9f e-flex e-con-boxed e-con e-parent\" data-id=\"3a15eb9f\" data-element_type=\"container\" data-e-type=\"container\" data-settings=\"{&quot;background_background&quot;:&quot;classic&quot;}\">\n\t\t\t\t\t<div class=\"e-con-inner\">\n\t\t\t\t<div class=\"elementor-element elementor-element-53f01e9 elementor-widget elementor-widget-heading\" data-id=\"53f01e9\" data-element_type=\"widget\" data-e-type=\"widget\" data-widget_type=\"heading.default\">\n\t\t\t\t\t<h3 class=\"elementor-heading-title elementor-size-default\">L\u00e5t oss tillsammans st\u00e4rka ert varum\u00e4rke!<\/h3>\t\t\t\t<\/div>\n\t\t\t\t<div class=\"elementor-element elementor-element-3a687cee elementor-mobile-align-center elementor-align-center elementor-widget elementor-widget-button\" data-id=\"3a687cee\" data-element_type=\"widget\" data-e-type=\"widget\" data-widget_type=\"button.default\">\n\t\t\t\t\t\t\t\t\t\t<a class=\"elementor-button elementor-button-link elementor-size-sm\" href=\"#\">\n\t\t\t\t\t\t<span class=\"elementor-button-content-wrapper\">\n\t\t\t\t\t\t\t\t\t<span class=\"elementor-button-text\">Kontakta Oss<\/span>\n\t\t\t\t\t<\/span>\n\t\t\t\t\t<\/a>\n\t\t\t\t\t\t\t\t<\/div>\n\t\t\t\t\t<\/div>\n\t\t\t\t<\/div>\n\t\t\t\t<\/div>\n\t\t","protected":false},"excerpt":{"rendered":"<p>V\u00e5ra Tj\u00e4nster Tillsammans genomf\u00f6r vi en grundlig analys f\u00f6r att identifiera de omr\u00e5den som ger st\u00f6rst v\u00e4rde. Resultatet av v\u00e5rt gemensamma arbete \u00e4r det som verkligen r\u00e4knas. Profilkl\u00e4der, Giveaways och Eventmaterial P\u00e5 7 Brand erbjuder vi skr\u00e4ddarsydda l\u00f6sningar inom profilkl\u00e4der, giveaways och eventmaterial som hj\u00e4lper ditt f\u00f6retag att lysa starkt och skapa varaktiga intryck. Med [&hellip;]<\/p>\n","protected":false},"author":1,"featured_media":0,"parent":0,"menu_order":0,"comment_status":"closed","ping_status":"closed","template":"","meta":{"footnotes":""},"class_list":["post-53","page","type-page","status-publish","hentry"],"_links":{"self":[{"href":"https:\/\/www.7brand.se\/index.php?rest_route=\/wp\/v2\/pages\/53","targetHints":{"allow":["GET"]}}],"collection":[{"href":"https:\/\/www.7brand.se\/index.php?rest_route=\/wp\/v2\/pages"}],"about":[{"href":"https:\/\/www.7brand.se\/index.php?rest_route=\/wp\/v2\/types\/page"}],"author":[{"embeddable":true,"href":"https:\/\/www.7brand.se\/index.php?rest_route=\/wp\/v2\/users\/1"}],"replies":[{"embeddable":true,"href":"https:\/\/www.7brand.se\/index.php?rest_route=%2Fwp%2Fv2%2Fcomments&post=53"}],"version-history":[{"count":43,"href":"https:\/\/www.7brand.se\/index.php?rest_route=\/wp\/v2\/pages\/53\/revisions"}],"predecessor-version":[{"id":487,"href":"https:\/\/www.7brand.se\/index.php?rest_route=\/wp\/v2\/pages\/53\/revisions\/487"}],"wp:attachment":[{"href":"https:\/\/www.7brand.se\/index.php?rest_route=%2Fwp%2Fv2%2Fmedia&parent=53"}],"curies":[{"name":"wp","href":"https:\/\/api.w.org\/{rel}","templated":true}]}}